{"id":86,"date":"2017-08-29T17:52:28","date_gmt":"2017-08-29T17:52:28","guid":{"rendered":"http:\/\/urbisora.com\/constructora\/?page_id=86"},"modified":"2017-08-29T17:53:24","modified_gmt":"2017-08-29T17:53:24","slug":"edificacion","status":"publish","type":"page","link":"https:\/\/urbisora.com\/constructora\/edificacion\/","title":{"rendered":"Edificaci\u00f3n"},"content":{"rendered":"\n\n<div class=\"uk-grid uk-grid-match \" data-uk-grid-match=\"{target:'> div > ul'}\" data-uk-grid-margin>\n    <div class=\"uk-width-medium-2-5\">\n        \n\n<ul class=\"uk-nav uk-nav-side\" data-uk-switcher=\"{connect:'#wk-088',animation:'scale'}\">\n        <li><a href=\"\">>  Casa \/ Fraccionamiento Bosques de Santa Anita en Tlajomulco de Z\u00fa\u00f1iga, Jalisco.<\/a><\/li>\n        <li><a href=\"\">> Casa \/ Restauraci\u00f3n y remodelaci\u00f3n de finca con valor hist\u00f3rico en la Colonia Moderna de Guadalajara, Jalisco, para oficinas de Seguros GMX.<\/a><\/li>\n        <li><a href=\"\">> Construcci\u00f3n de Tiendas OXXO \/ Portales, Lago Superior y Aeropuerto T.T.  En Gdl, Jalisco.<\/a><\/li>\n        <li><a href=\"\">> Construcci\u00f3n de 25 Casas \/ Nivel medio en el Fraccionamiento \u201cLa Azucena\u201d, El Salto, Jalisco, para CASA y FAMILIA DE MEXICO, S. A. de C. V.<\/a><\/li>\n<\/ul>\n\n    <\/div>\n    <div class=\"uk-width-medium-3-5\">\n        \n<ul id=\"wk-088\" class=\"uk-switcher uk-text-left \" data-uk-check-display>\n\n    \n    <li>\n        <div class=\"uk-panel\">\n\n                        <div class=\"uk-margin uk-text-center\"><img decoding=\"async\" src=\"\/constructora\/wp-content\/uploads\/2017\/08\/image065.jpg\" class=\" uk-overlay-scale\" alt=\"&gt;  Casa \/ Fraccionamiento Bosques de Santa Anita en Tlajomulco de Z\u00fa\u00f1iga, Jalisco.\"><\/div>\n            \n            \n            \n            \n                        <div class=\"uk-margin\">Desarrollo Concluido.<\/div>\n            \n            \n            \n            \n            \n        <\/div>\n    <\/li>\n\n\n    \n    <li>\n        <div class=\"uk-panel\">\n\n                        <div class=\"uk-margin uk-text-center\"><img decoding=\"async\" src=\"\/constructora\/wp-content\/uploads\/2017\/08\/image067.jpg\" class=\" uk-overlay-scale\" alt=\"&gt; Casa \/ Restauraci\u00f3n y remodelaci\u00f3n de finca con valor hist\u00f3rico en la Colonia Moderna de Guadalajara, Jalisco, para oficinas de Seguros GMX.\"><\/div>\n            \n            \n            \n            \n                        <div class=\"uk-margin\">Desarrollo Concluido.<\/div>\n            \n            \n            \n            \n            \n        <\/div>\n    <\/li>\n\n\n    \n    <li>\n        <div class=\"uk-panel\">\n\n                        <div class=\"uk-margin uk-text-center\"><img decoding=\"async\" src=\"\/constructora\/wp-content\/uploads\/2017\/08\/image071.jpg\" class=\" uk-overlay-scale\" alt=\"&gt; Construcci\u00f3n de Tiendas OXXO \/ Portales, Lago Superior y Aeropuerto T.T.  En Gdl, Jalisco.\"><\/div>\n            \n            \n            \n            \n                        <div class=\"uk-margin\">Desarrollo Concluido.<\/div>\n            \n            \n            \n            \n            \n        <\/div>\n    <\/li>\n\n\n    \n    <li>\n        <div class=\"uk-panel\">\n\n                        <div class=\"uk-margin uk-text-center\"><img decoding=\"async\" src=\"\/constructora\/wp-content\/uploads\/2017\/08\/image073.jpg\" class=\" uk-overlay-scale\" alt=\"&gt; Construcci\u00f3n de 25 Casas \/ Nivel medio en el Fraccionamiento \u201cLa Azucena\u201d, El Salto, Jalisco, para CASA y FAMILIA DE MEXICO, S. A. de C. V.\"><\/div>\n            \n            \n            \n            \n                        <div class=\"uk-margin\">Desarrollo Concluido.<\/div>\n            \n            \n            \n            \n            \n        <\/div>\n    <\/li>\n\n<\/ul>\n    <\/div>\n<\/div>\n\n","protected":false},"excerpt":{"rendered":"","protected":false},"author":1,"featured_media":0,"parent":0,"menu_order":0,"comment_status":"closed","ping_status":"closed","template":"","meta":{"footnotes":""},"class_list":["post-86","page","type-page","status-publish","hentry"],"_links":{"self":[{"href":"https:\/\/urbisora.com\/constructora\/wp-json\/wp\/v2\/pages\/86","targetHints":{"allow":["GET"]}}],"collection":[{"href":"https:\/\/urbisora.com\/constructora\/wp-json\/wp\/v2\/pages"}],"about":[{"href":"https:\/\/urbisora.com\/constructora\/wp-json\/wp\/v2\/types\/page"}],"author":[{"embeddable":true,"href":"https:\/\/urbisora.com\/constructora\/wp-json\/wp\/v2\/users\/1"}],"replies":[{"embeddable":true,"href":"https:\/\/urbisora.com\/constructora\/wp-json\/wp\/v2\/comments?post=86"}],"version-history":[{"count":2,"href":"https:\/\/urbisora.com\/constructora\/wp-json\/wp\/v2\/pages\/86\/revisions"}],"predecessor-version":[{"id":89,"href":"https:\/\/urbisora.com\/constructora\/wp-json\/wp\/v2\/pages\/86\/revisions\/89"}],"wp:attachment":[{"href":"https:\/\/urbisora.com\/constructora\/wp-json\/wp\/v2\/media?parent=86"}],"curies":[{"name":"wp","href":"https:\/\/api.w.org\/{rel}","templated":true}]}}