{"id":37,"date":"2017-08-28T19:53:13","date_gmt":"2017-08-28T19:53:13","guid":{"rendered":"http:\/\/urbisora.com\/constructora\/?page_id=37"},"modified":"2017-12-29T19:17:20","modified_gmt":"2017-12-29T19:17:20","slug":"somos-2","status":"publish","type":"page","link":"https:\/\/urbisora.com\/constructora\/somos-2\/","title":{"rendered":"SOMOS"},"content":{"rendered":"\n<div  data-uk-scrollspy=\"{target:'> div > [data-uk-scrollspy-cls]', delay:300}\">\n\n\n    \n    <div class=\"uk-grid uk-text-left \" data-uk-grid-match data-uk-margin=\"{cls:'uk-margin-top'}\">\n\n                <div class=\"uk-width-medium-1-2 uk-text-center uk-invisible\"  data-uk-scrollspy-cls=\"uk-animation-fade uk-invisible\">\n            <img decoding=\"async\" src=\"\/constructora\/wp-content\/uploads\/2017\/08\/shutterstock_429629431reducida.jpg\" class=\"uk-border-rounded uk-overlay-scale\" alt=\"\u00bfQui\u00e9nes somos?\">        <\/div>\n        \n                <div class=\"uk-width-medium-1-2 uk-invisible\"  data-uk-scrollspy-cls=\"uk-animation-slide-right uk-invisible\">\n            <div class=\"uk-panel uk-panel-space uk-width-1-1\">\n\n                \n                \n                                <div class=\"uk-margin\"><table width=\"100%\">\n  <tr>\n    <td><table width=\"100%\">\n      <tr>\n        <td align=\"left\"><p><strong>\u00bfQui\u00e9nes somos?<\/strong><br \/>\n          <br \/>\n          Urbisora Constructora S. A. es una  empresa formada en el a\u00f1o 2007 en la ciudad de Guadalajara, Jalisco con el  objetivo de ofrecer servicios en las diferentes \u00e1reas de la ingenier\u00eda civil \u00a0\u00a0para satisfacer las necesidades del mercado  en calidad, tiempo y costo.Est\u00e1 formada por un equipo humano  altamente capacitado en diferentes especialidades y en constante actualizaci\u00f3n,  conjuntando juventud y experiencia para lograr los objetivos planteados en cada  proyecto que realizamos.<br \/>\n          <br \/>\n          Somos reconocidos por nuestros  clientes por la calidad de nuestro trabajo, y la entrega, compromiso y  preparaci\u00f3n de nuestro equipo humano en cada proyecto concluido, confirmando su  satisfacci\u00f3n con la reincidencia de su confianza.<br \/>\n          <br \/>\n        <\/p><\/td>\n      <\/tr>\n    <\/table><\/td>\n  <\/tr>\n<\/table><\/div>\n                \n                \n                \n            <\/div>\n        <\/div>\n        \n    <\/div>\n\n    <hr class=\"uk-grid-divider \">\n\n    \n    <div class=\"uk-grid uk-text-right uk-text-left-small \" data-uk-grid-match data-uk-margin=\"{cls:'uk-margin-top'}\">\n\n                <div class=\"uk-width-medium-1-2 uk-text-center uk-float-right uk-flex-order-last-medium uk-invisible\"  data-uk-scrollspy-cls=\"uk-animation-fade uk-invisible\">\n            <img decoding=\"async\" src=\"\/constructora\/wp-content\/uploads\/2017\/08\/urban-205986_960_720.jpg\" class=\"uk-border-rounded uk-overlay-scale\" alt=\"\u00bfQue Hacemos?\">        <\/div>\n        \n                <div class=\"uk-width-medium-1-2 uk-invisible\"  data-uk-scrollspy-cls=\"uk-animation-slide-left uk-invisible\">\n            <div class=\"uk-panel uk-panel-space uk-width-1-1\">\n\n                \n                \n                                <div class=\"uk-margin\"><table width=\"100%\">\n  <tr>\n    <td><table width=\"100%\">\n      <tr>\n        <td align=\"left\"><p><strong>\u00bfQu\u00e9 hacemos?<\/strong><br \/>\n            <br \/>\n            <strong>Proyecto y construcci\u00f3n:<\/strong><\/p>\n          <ul>\n            <li>Obra industrial<\/li>\n            <li>Edificaci\u00f3n comercial y residencial<\/li>\n            <li>\u00a0Urbanizaci\u00f3n<\/li>\n            <li>\u00a0Obras de  infraestructura hidr\u00e1ulica <\/li>\n          <\/ul>\n          <p><strong>Ingenier\u00eda:<\/strong><\/p>\n          <ul>\n            <li>Ingenier\u00eda de Proyecto <\/li>\n            <li>Ingenier\u00eda b\u00e1sica.<\/li>\n            <li>Topograf\u00eda<\/li>\n          <\/ul>\n          <p><br \/>\n          <\/p><\/td>\n      <\/tr>\n    <\/table><\/td>\n  <\/tr>\n<\/table><\/div>\n                \n                \n                \n            <\/div>\n        <\/div>\n        \n    <\/div>\n\n    <hr class=\"uk-grid-divider \">\n\n    \n    <div class=\"uk-grid uk-text-left \" data-uk-grid-match data-uk-margin=\"{cls:'uk-margin-top'}\">\n\n                <div class=\"uk-width-medium-1-2 uk-text-center uk-invisible\"  data-uk-scrollspy-cls=\"uk-animation-fade uk-invisible\">\n            <img decoding=\"async\" src=\"\/constructora\/wp-content\/uploads\/2017\/08\/architecture-2256490_960_720.jpg\" class=\"uk-border-rounded uk-overlay-scale\" alt=\"Misi\u00f3n Visi\u00f3n\">        <\/div>\n        \n                <div class=\"uk-width-medium-1-2 uk-invisible\"  data-uk-scrollspy-cls=\"uk-animation-slide-right uk-invisible\">\n            <div class=\"uk-panel uk-panel-space uk-width-1-1\">\n\n                \n                \n                                <div class=\"uk-margin\"><table width=\"100%\">\n  <tr>\n    <td><table width=\"100%\">\n      <tr>\n        <td align=\"left\"><p><strong>Misi\u00f3n<\/strong><br \/>\n            <br \/>\nOfrecer servicios  de calidad y soluciones innovadoras para satisfacer las necesidades de los  diversos sectores de la sociedad, a trav\u00e9s de la mejora continua de nuestros  procesos, la capacitaci\u00f3n constante de nuestro personal y el enfoque en las  necesidades de cada cliente, con el prop\u00f3sito de generar valor continuo para  nuestros clientes, colaboradores, socios y comunidad contribuyendo a mejorar la  calidad de vida de la gente.<br \/>\n<br \/>\n<strong>Visi\u00f3n<\/strong><br \/>\nSer una  empresa l\u00edder a nivel nacional, rentable y competitiva en la prestaci\u00f3n de  servicios de ingeniera y en el manejo de recursos hidr\u00e1ulicos, reconocida por  sus valores, aportando soluciones de vanguardia en beneficio de la sociedad y  del medio ambiente.<br \/>\n<br \/>\n<strong>Valores<\/strong><\/p>\n          <p><strong>Seguridad<\/strong><br \/>\n            La salud y seguridad de nuestro personal es nuestra  prioridad. Nos esforzamos por garantizar la seguridad durante la ejecuci\u00f3n de  todos nuestros proyectos en nuestras instalaciones y en el lugar donde se  desarrolle cada uno de ellos.<br \/>\n  <br \/>\n  <strong>Resultados<\/strong><br \/>\n            Creemos en la eficiencia y excelencia operacional y  financiera, en ofrecer resultados positivos con crecimiento sostenido y proyectos  terminados que marquen la diferencia.<br \/>\n  <br \/>\n  <strong>Responsabilidad<\/strong><br \/>\n            Actuamos de manera responsable y equitativa en las comunidades  en las que participamos y contribuimos de la mejor manera en la preservaci\u00f3n  del medio ambiente.<br \/>\n  <br \/>\n  <strong>Compromiso<\/strong><br \/>\n            Creemos en la dedicaci\u00f3n, el enfoque hacia metas comunes y el  trabajo en equipo para superar las expectativas de nuestros clientes.<br \/>\n  <br \/>\n  <strong>Integridad<\/strong><br \/>\n            Estamos comprometidos a ser un actor \u00e9tico, honesto y  confiable, que act\u00faa de manera apropiada y respetuosa con sus colaboradores y  clientes.<br \/>\n  <br \/>\n  <strong>Liderazgo<\/strong><br \/>\n            Buscamos continuamente impulsar la innovaci\u00f3n en nuestros  proyectos, procesos y soluciones, as\u00ed como generar un impacto positivo en el  mercado y en la industria.<\/p>\n          <p><br \/>\n        <\/p><\/td>\n      <\/tr>\n    <\/table><\/td>\n  <\/tr>\n<\/table><\/div>\n                \n                \n                \n            <\/div>\n        <\/div>\n        \n    <\/div>\n\n    \n\n<\/div>\n","protected":false},"excerpt":{"rendered":"","protected":false},"author":1,"featured_media":0,"parent":0,"menu_order":0,"comment_status":"closed","ping_status":"closed","template":"","meta":{"footnotes":""},"class_list":["post-37","page","type-page","status-publish","hentry"],"_links":{"self":[{"href":"https:\/\/urbisora.com\/constructora\/wp-json\/wp\/v2\/pages\/37","targetHints":{"allow":["GET"]}}],"collection":[{"href":"https:\/\/urbisora.com\/constructora\/wp-json\/wp\/v2\/pages"}],"about":[{"href":"https:\/\/urbisora.com\/constructora\/wp-json\/wp\/v2\/types\/page"}],"author":[{"embeddable":true,"href":"https:\/\/urbisora.com\/constructora\/wp-json\/wp\/v2\/users\/1"}],"replies":[{"embeddable":true,"href":"https:\/\/urbisora.com\/constructora\/wp-json\/wp\/v2\/comments?post=37"}],"version-history":[{"count":5,"href":"https:\/\/urbisora.com\/constructora\/wp-json\/wp\/v2\/pages\/37\/revisions"}],"predecessor-version":[{"id":116,"href":"https:\/\/urbisora.com\/constructora\/wp-json\/wp\/v2\/pages\/37\/revisions\/116"}],"wp:attachment":[{"href":"https:\/\/urbisora.com\/constructora\/wp-json\/wp\/v2\/media?parent=37"}],"curies":[{"name":"wp","href":"https:\/\/api.w.org\/{rel}","templated":true}]}}