{"id":15,"date":"2017-08-25T16:12:48","date_gmt":"2017-08-25T16:12:48","guid":{"rendered":"http:\/\/urbisora.com\/constructora\/?page_id=15"},"modified":"2017-08-29T19:53:57","modified_gmt":"2017-08-29T19:53:57","slug":"ingenieria-de-proyecto","status":"publish","type":"page","link":"https:\/\/urbisora.com\/constructora\/ingenieria-de-proyecto\/","title":{"rendered":"INGENIERIA DE PROYECTO"},"content":{"rendered":"\n<div class=\"uk-accordion uk-text-left \" data-uk-accordion=\"{showfirst: false}\">\n\n\n    <h3 class=\"uk-accordion-title\">INFRAESTRUCTURA HIDR\u00c1ULICA Y SANITARIA:<\/h3>\n\n    <div class=\"uk-accordion-content\">\n\n        \n        \n        \n                <div class=\"uk-margin\"><!DOCTYPE html PUBLIC \"-\/\/W3C\/\/DTD XHTML 1.0 Transitional\/\/EN\" \"http:\/\/www.w3.org\/TR\/xhtml1\/DTD\/xhtml1-transitional.dtd\">\n<html xmlns=\"http:\/\/www.w3.org\/1999\/xhtml\">\n<head>\n<meta http-equiv=\"Content-Type\" content=\"text\/html; charset=utf-8\" \/>\n<title>Untitled Document<\/title>\n<\/head>\n\n<body>\n<table width=\"100%\">\n  <tr>\n    <td valign=\"top\"><strong>Etzatl\u00e1n<\/strong><\/td>\n  <\/tr>\n<\/table>\n<br \/>\n<table width=\"100%\">\n  <tr>\n    <td valign=\"top\"><strong>2014\u00a0\u00a0<\/strong>Proyecto ejecutivo para la rehabilitaci\u00f3n y ampliaci\u00f3n de la red de agua potable de la cabecera municipalde Etzatlan, Jalisco.\n    <p><strong>2014<\/strong>\u00a0\u00a0Proyecto ejecutivo para la rehabilitaci\u00f3n y ampliaci\u00f3n de la red de alcantarillado sanitario de la cabecera municipal de Etzatlan, Jalisco.<\/p><\/td>\n  <\/tr>\n<\/table>\n<br \/>\n<table width=\"100%\">\n  <tr>\n    <td valign=\"top\"><strong>Colectores y Varios<\/strong><\/td>\n  <\/tr>\n<\/table>\n<br \/>\n<table width=\"100%\">\n  <tr>\n    <td valign=\"top\"><p><strong>2012<\/strong>\u00a0\u00a0\u00a0\u00a0L\u00ednea de impulsi\u00f3n de\u00a0\u00a0agua potable de 4 km. de\u00a0\u00a0longitud para abastecimiento de la cabecera municipal de Ixtlauacan del rio, Jalisco. Para la Comisi\u00f3n Estatal del Agua de Jalisco (CEA).<\/p>\n      <p><strong>2011<\/strong>\u00a0\u00a0\u00a0\u00a0\u00a0Investigaci\u00f3n, levantamiento y nuevo diagn\u00f3stico de la infraestructura sanitaria en las sub-cuencas Arroyo Seco, Santa Anita, Toluquilla, Las Juntas y La Teja (parte poniente de la cuenca de El Ahogado), con un \u00e1rea de 20,867.00 Has, en las poblaciones (conurbadas) de Santa Anita, San Agust\u00edn, San Sebasti\u00e1n y Concepci\u00f3n del Valle, municipios de Zapopan, Tlaquepaque y Tlajomulco de Z\u00fa\u00f1iga, Jalisco.<\/p>\n      <p><strong>2011<\/strong>\u00a0\u00a0\u00a0\u00a0\u00a0Colector &ldquo;Santa Anita-La Teja&rdquo; de 15.0 Km de largo y de 1.07 a 2.13 m de di\u00e1metro. Tlajomulco de Z\u00fa\u00f1iga, Jalisco.<\/p>\n      <p><strong>2011<\/strong>\u00a0\u00a0\u00a0Red de atarjeas de colector arroyo seco (7.2 km de longitud total de dif. di\u00e1metros.) Tlaquepaque, Jalisco.<\/p>\n      <p><strong>2010<\/strong>\u00a0\u00a0\u00a0\u00a0\u00a0Estaci\u00f3n de Bombeo &ldquo;Alameda etapa I&rdquo; y revisi\u00f3n y complemento de su l\u00ednea de impulsi\u00f3n, Q= 733.0 l\/s, C.D.T.= 27.00 mca, l\u00ednea de 0.91 m de di\u00e1metro. El Salto, Jalisco.<\/p>\n      <p><strong>2010<\/strong>\u00a0\u00a0\u00a0\u00a0\u00a0Estaci\u00f3n de Bombeo &ldquo;Arroyo Hondo&rdquo; y revisi\u00f3n y complemento de su l\u00ednea de impulsi\u00f3n, Q= 540.0 l\/s, C.D.T.= 80.00 mca, l\u00ednea de 0.61 m de di\u00e1metro. Zapopan, Jalisco.<\/p>\n      <p><strong>2009<\/strong>\u00a0\u00a0\u00a0\u00a0\u00a0T\u00fanel colector &ldquo;San Mart\u00edn&rdquo; tramo 2, del Km 2+833 al 3+614 1.83 m de di\u00e1metro.<\/p>\n      <p><strong>2009<\/strong>\u00a0\u00a0\u00a0Subcolectores &ldquo;Lomas&rdquo;, &ldquo;Cementera 1&rdquo; y &ldquo;Cementera 2&rdquo;, Redes de atarjeas del \u00e1rea de subcolectores, correspondientes al tramo 2, del Km 2+833 al 3+614, de 1.83 m de di\u00e1metro. El Salto, Jalisco.<\/p>\n      <p><strong>2009<\/strong>\u00a0\u00a0\u00a0\u00a0\u00a0Colector &ldquo;La Duraznera&rdquo; 1.0 Km de largo y 0.76 m de di\u00e1metro. Tlaquepaque, Jalisco.<\/p>\n      <p><strong>2009<\/strong>\u00a0\u00a0\u00a0\u00a0\u00a0Colector &ldquo;El Caracol&rdquo;, de 3.6 Km de largo y 0.91 m de di\u00e1metro. Tlajomulco de Z\u00fa\u00f1iga, Jalisco.<\/p>\n      <p><strong>2009<\/strong>\u00a0\u00a0\u00a0\u00a0\u00a0Colector &ldquo;Interceptor Sur&rdquo; de 3.6 Km de largo y de 1.83 m de di\u00e1metro. Zapopan, Jalisco.<\/p>\n      <p><strong>2009<\/strong>\u00a0\u00a0\u00a0\u00a0\u00a0L\u00ednea de Desfogue de alta velocidad, para el Colector Interceptor Sur, de 0.9 Km de largo y de 0.91 m de di\u00e1metro, incluyendo estructura disipadora de energ\u00eda en la descarga al Arroyo Hondo. Zapopan, Jalisco.<\/p>\n      <p><strong>2009<\/strong>\u00a0\u00a0\u00a0\u00a0\u00a0Estructuras de descarga (V\u00f3rtice) de los Colectores Interceptores Norte y Sur a las Cajas N0. 4 y No. 1, respectivamente, de los sifones del ducto alimentador de la C. H. Valent\u00edn G\u00f3mez Far\u00edas, propiedad de la CFE. Zapopan Jalisco.<\/p>\n      <p><strong>2009<\/strong>\u00a0\u00a0\u00a0\u00a0\u00a0Red de alcantarillado de la Colonia &ldquo;Agua Fr\u00eda&rdquo;. Zapopan, Jalisco.<\/p>\n    <p><strong>2009<\/strong>\u00a0\u00a0\u00a0\u00a0\u00a0Colector &ldquo;Arroyo Seco&rdquo; de 7.8 Km de largo y de 1.52 a 1.83 m de di\u00e1metro, para la CEA, Municipios de Zapopan, Guadalajara y Tlajomulco de Z\u00fa\u00f1iga, Jalisco.<\/p><\/td>\n  <\/tr>\n<\/table>\n<\/body>\n<\/html><\/div>\n        \n        \n        \n        \n    <\/div>\n\n\n    <h3 class=\"uk-accordion-title\">PROYECTO EJECUTIVO<\/h3>\n\n    <div class=\"uk-accordion-content\">\n\n        \n        \n        \n                <div class=\"uk-margin\"><!DOCTYPE html PUBLIC \"-\/\/W3C\/\/DTD XHTML 1.0 Transitional\/\/EN\" \"http:\/\/www.w3.org\/TR\/xhtml1\/DTD\/xhtml1-transitional.dtd\">\n<html xmlns=\"http:\/\/www.w3.org\/1999\/xhtml\">\n<head>\n<meta http-equiv=\"Content-Type\" content=\"text\/html; charset=utf-8\" \/>\n<title>Untitled Document<\/title>\n<\/head>\n\n<body>\n<table width=\"100%\">\n  <tr>\n    <td valign=\"top\"><strong>Varios<\/strong><\/td>\n  <\/tr>\n<\/table>\n<br \/>\n<table width=\"100%\">\n  <tr>\n    <td valign=\"top\"><p><strong>2014<\/strong>\u00a0\u00a0\u00a0\u00a0\u00a0Proyecto ejecutivo\u00a0\u00a0de ruta y accesos para personas con capacidades diferentes en Planta Edisa propiedad de Casa Cuervo S.A. de C. V. en Tlaquepaque, Jalisco.<\/p>\n      <p><strong>2014<\/strong>\u00a0\u00a0\u00a0\u00a0Proyecto Ejecutivo de Residencia Srta. Virginia Rodr\u00edguez en fraccionamiento alta Vista en Zapopan, Jalisco.<\/p>\n      <p><strong>2013<\/strong>\u00a0\u00a0\u00a0\u00a0Proyecto ejecutivo para la reparaci\u00f3n\u00a0\u00a0de talud de 20 m altura y 100m de longitud para los invernaderos de NATURE SWEET S de R L de CV en Santa Mar\u00eda del Oro, Nayarit. (35 has.)<\/p>\n      <p><strong>2013<\/strong>\u00a0\u00a0\u00a0Estudio hidrol\u00f3gico y Proyecto\u00a0\u00a0ejecutivo de red pluvial para ampliaci\u00f3n industrial en la planta EDISA\u00a0\u00a0\u00a0\u00a0\u00a0\u00a0\u00a0\u00a0\u00a0propiedad de\u00a0\u00a0\u00a0\u00a0\u00a0\u00a0Casa Cuervo S.A. de C.V.<\/p>\n      <p><strong>2012<\/strong>\u00a0\u00a0Proyecto Ejecutivo para alternativas de refrigeraci\u00f3n y aislamiento en planta de empaque San Isidro Mazatepec de NATURE SWEET S. de R. L. de C.V.<\/p>\n      <p><strong>2012<\/strong>\u00a0\u00a0\u00a0\u00a0Opini\u00f3n t\u00e9cnica sobre la obra &ldquo;Construcci\u00f3n del fraccionamiento Nuevo Temacapulin&rdquo; en el municipio de Ca\u00f1adas de Obreg\u00f3n, Jalisco para el IPROVIPE del estado de Jalisco.<\/p>\n      <p><strong>2012<\/strong>\u00a0\u00a0\u00a0Estudio hidrol\u00f3gico, an\u00e1lisis topo hidr\u00e1ulico\u00a0\u00a0y proyecto ejecutivo para obras de protecci\u00f3n y control de avenidas del arroyo adyacente a la planta de NATURE SWEET S. de R. L. de C.V. en Guzm\u00e1n, Jalisco.<\/p>\n      <p><strong>2011<\/strong>\u00a0\u00a0\u00a0Proyecto Ejecutivo de Residencia familia Cervantes Jim\u00e9nez en el fraccionamiento Bosques de Santa Anita en Tlajomulco de Z\u00fa\u00f1iga, Jalisco<\/p>\n      <p><strong>2011<\/strong>\u00a0\u00a0\u00a0Proyecto de vialidades interiores para los invernaderos de NATURE SWEET S de R L de CV en Santa Mar\u00eda del Oro Nayarit. (35 has.)<\/p>\n      <p><strong>2011<\/strong>\u00a0\u00a0\u00a0Estudio hidrol\u00f3gico\u00a0\u00a0y\u00a0\u00a0Proyecto ejecutivo de red pluvial para los invernaderos de NATURE SWEET S de R L de CV en Santa Mar\u00eda del Oro, Nayarit. (35 has.)<\/p>\n      <p><strong>2010<\/strong>\u00a0\u00a0\u00a0\u00a0Proyecto ejecutivo de centro de acopio de producci\u00f3n pesquera. CONAPESCA (Cooperativa Agua Caliente S.P. R. de L. de C.V. Jamay, Jalisco.<\/p>\n      <p><strong>2010<\/strong>\u00a0\u00a0\u00a0\u00a0Proyecto ejecutivo de edificio de oficinas y almac\u00e9n para &ldquo;COMPART DE OCCIDENTE, S.A. de C.V.&rdquo;, en Guadalajara, Jalisco.<\/p>\n    <p><strong>2008<\/strong>\u00a0\u00a0\u00a0\u00a0\u00a0Proyecto ejecutivo de la obra civil (Terracer\u00edas, pavimentos, estudios hidrol\u00f3gicos, proyecto de instalaciones y drenajes pluviales y sanitarios; instalaci\u00f3n de gas L.P., vialidades y patios de maniobras, obra civil en edificaciones, etc.), en una superficie construida de 9,000.00 m2, para Tequila Partida, en Amatit\u00e1n Jalisco.<\/p><\/td>\n  <\/tr>\n<\/table>\n<\/body>\n<\/html><\/div>\n        \n        \n        \n        \n    <\/div>\n\n\n<\/div>\n","protected":false},"excerpt":{"rendered":"","protected":false},"author":1,"featured_media":0,"parent":0,"menu_order":0,"comment_status":"closed","ping_status":"closed","template":"","meta":{"footnotes":""},"class_list":["post-15","page","type-page","status-publish","hentry"],"_links":{"self":[{"href":"https:\/\/urbisora.com\/constructora\/wp-json\/wp\/v2\/pages\/15","targetHints":{"allow":["GET"]}}],"collection":[{"href":"https:\/\/urbisora.com\/constructora\/wp-json\/wp\/v2\/pages"}],"about":[{"href":"https:\/\/urbisora.com\/constructora\/wp-json\/wp\/v2\/types\/page"}],"author":[{"embeddable":true,"href":"https:\/\/urbisora.com\/constructora\/wp-json\/wp\/v2\/users\/1"}],"replies":[{"embeddable":true,"href":"https:\/\/urbisora.com\/constructora\/wp-json\/wp\/v2\/comments?post=15"}],"version-history":[{"count":2,"href":"https:\/\/urbisora.com\/constructora\/wp-json\/wp\/v2\/pages\/15\/revisions"}],"predecessor-version":[{"id":98,"href":"https:\/\/urbisora.com\/constructora\/wp-json\/wp\/v2\/pages\/15\/revisions\/98"}],"wp:attachment":[{"href":"https:\/\/urbisora.com\/constructora\/wp-json\/wp\/v2\/media?parent=15"}],"curies":[{"name":"wp","href":"https:\/\/api.w.org\/{rel}","templated":true}]}}